{"id":1978,"date":"2025-01-29T13:44:02","date_gmt":"2025-01-29T13:44:02","guid":{"rendered":"https:\/\/legend.ee\/kinkekaart\/"},"modified":"2025-11-13T13:19:46","modified_gmt":"2025-11-13T13:19:46","slug":"lahjakortti","status":"publish","type":"page","link":"https:\/\/legend.ee\/fi\/lahjakortti\/","title":{"rendered":"Lahjakortti"},"content":{"rendered":"\n<div class=\"wp-block-cover alignfull is-light has-custom-content-position is-position-bottom-center\" style=\"min-height:423px;aspect-ratio:unset;\"><img loading=\"lazy\" decoding=\"async\" width=\"2560\" height=\"1707\" class=\"wp-block-cover__image-background wp-image-955 size-full\" alt=\"\" src=\"http:\/\/legend.ee\/wp-content\/uploads\/2025\/03\/IMG_5938-scaled.jpg\" style=\"object-position:47% 20%\" data-object-fit=\"cover\" data-object-position=\"47% 20%\" srcset=\"https:\/\/legend.ee\/wp-content\/uploads\/2025\/03\/IMG_5938-scaled.jpg 2560w, https:\/\/legend.ee\/wp-content\/uploads\/2025\/03\/IMG_5938-300x200.jpg 300w, https:\/\/legend.ee\/wp-content\/uploads\/2025\/03\/IMG_5938-1024x683.jpg 1024w, https:\/\/legend.ee\/wp-content\/uploads\/2025\/03\/IMG_5938-768x512.jpg 768w, https:\/\/legend.ee\/wp-content\/uploads\/2025\/03\/IMG_5938-1536x1024.jpg 1536w, https:\/\/legend.ee\/wp-content\/uploads\/2025\/03\/IMG_5938-2048x1366.jpg 2048w, https:\/\/legend.ee\/wp-content\/uploads\/2025\/03\/IMG_5938-1568x1045.jpg 1568w\" sizes=\"auto, (max-width: 2560px) 100vw, 2560px\" \/><span aria-hidden=\"true\" class=\"wp-block-cover__background has-background-dim-20 has-background-dim\" style=\"background-color:#c0b8b5\"><\/span><div class=\"wp-block-cover__inner-container is-layout-constrained wp-container-core-cover-is-layout-77d32688 wp-block-cover-is-layout-constrained\">\n<p class=\"has-text-align-center has-large-font-size\"><\/p>\n<\/div><\/div>\n\n\n\n<div style=\"height:20px\" aria-hidden=\"true\" class=\"wp-block-spacer\"><\/div>\n\n\n\n<div class=\"wp-block-columns alignwide is-layout-flex wp-container-core-columns-is-layout-9a58509f wp-block-columns-is-layout-flex\" style=\"padding-top:var(--wp--preset--spacing--30);padding-right:var(--wp--preset--spacing--40);padding-bottom:var(--wp--preset--spacing--30);padding-left:var(--wp--preset--spacing--40)\">\n<div class=\"wp-block-column is-layout-flow wp-block-column-is-layout-flow\">\n<div class=\"wp-block-cover is-light boxheight\" style=\"padding-top:var(--wp--preset--spacing--40);padding-right:var(--wp--preset--spacing--40);padding-bottom:var(--wp--preset--spacing--40);padding-left:var(--wp--preset--spacing--40);min-height:554px;aspect-ratio:unset;\"><span aria-hidden=\"true\" class=\"wp-block-cover__background has-background-dim-100 has-background-dim\" style=\"background-color:#f4e1c9\"><\/span><div class=\"wp-block-cover__inner-container is-layout-constrained wp-container-core-cover-is-layout-52009084 wp-block-cover-is-layout-constrained\">\n<h2 class=\"wp-block-heading has-text-align-center\" style=\"font-size:31px\"><strong>Lahjakortti<\/strong><\/h2>\n\n\n\n<p class=\"has-text-align-center has-medium-font-size\">Anna l\u00e4heisillesi aikaa \u2013 yll\u00e4t\u00e4 heid\u00e4t Legend Hotel -lahjakortilla!<\/p>\n\n\n\n<div class=\"wp-block-buttons is-content-justification-center is-layout-flex wp-container-core-buttons-is-layout-a89b3969 wp-block-buttons-is-layout-flex\">\n<div class=\"wp-block-button\"><a class=\"wp-block-button__link wp-element-button\" href=\"https:\/\/kinkekaart.legend.ee\/fi\/\" target=\"_blank\" rel=\"noreferrer noopener\">VARAA LAHJAKORTTI<\/a><\/div>\n<\/div>\n<\/div><\/div>\n<\/div>\n\n\n\n<div class=\"wp-block-column is-layout-flow wp-block-column-is-layout-flow\">\n<div class=\"wp-block-cover is-light boxheight\" style=\"padding-top:var(--wp--preset--spacing--40);padding-right:var(--wp--preset--spacing--40);padding-bottom:var(--wp--preset--spacing--40);padding-left:var(--wp--preset--spacing--40);min-height:556px;aspect-ratio:unset;\"><span aria-hidden=\"true\" class=\"wp-block-cover__background has-background-dim-100 has-background-dim\" style=\"background-color:#eae7dc\"><\/span><div class=\"wp-block-cover__inner-container is-layout-constrained wp-container-core-cover-is-layout-52009084 wp-block-cover-is-layout-constrained\">\n<p style=\"font-size:18px\">Anna erityinen lahja hyville yst\u00e4v\u00e4llesi, perheenj\u00e4senillesi, kollegallesi tai liikekumppanillesi \u2013 sill\u00e4 paras lahja on kokemus!<br>Lahjakortteja voi ostaa milla tahansa arvolla.<br>Yll\u00e4t\u00e4 l\u00e4hesesi jo t\u00e4n\u00e4\u00e4n! \ud83c\udf80<\/p>\n\n\n\n<p style=\"font-size:18px\"><strong>Lahjakortti ei vanhene koskaan ja sit\u00e4 ei voi vaihtaa rahaksi.<br><a href=\"https:\/\/legend.ee\/fi\/lahjakortin-ostoehdot\/\" target=\"_blank\" rel=\"noreferrer noopener\">Lahjakortin ostoehdot<\/a><\/strong><\/p>\n<\/div><\/div>\n<\/div>\n\n\n\n<div class=\"wp-block-column is-vertically-aligned-top is-layout-flow wp-block-column-is-layout-flow\">\n<div class=\"wp-block-cover is-light\" style=\"padding-top:var(--wp--preset--spacing--40);padding-right:var(--wp--preset--spacing--40);padding-bottom:var(--wp--preset--spacing--40);padding-left:var(--wp--preset--spacing--40);min-height:557px;aspect-ratio:unset;\"><img loading=\"lazy\" decoding=\"async\" width=\"990\" height=\"1024\" class=\"wp-block-cover__image-background wp-image-30 size-large\" alt=\"\" src=\"http:\/\/legend.ee\/wp-content\/uploads\/2025\/01\/Hotell_Legend_kinkekaart-990x1024.jpg\" data-object-fit=\"cover\" srcset=\"https:\/\/legend.ee\/wp-content\/uploads\/2025\/01\/Hotell_Legend_kinkekaart-990x1024.jpg 990w, https:\/\/legend.ee\/wp-content\/uploads\/2025\/01\/Hotell_Legend_kinkekaart-290x300.jpg 290w, https:\/\/legend.ee\/wp-content\/uploads\/2025\/01\/Hotell_Legend_kinkekaart-768x794.jpg 768w, https:\/\/legend.ee\/wp-content\/uploads\/2025\/01\/Hotell_Legend_kinkekaart.jpg 1365w\" sizes=\"auto, (max-width: 990px) 100vw, 990px\" \/><span aria-hidden=\"true\" class=\"wp-block-cover__background has-background-dim-0 has-background-dim\" style=\"background-color:#a37960\"><\/span><div class=\"wp-block-cover__inner-container is-layout-constrained wp-container-core-cover-is-layout-52009084 wp-block-cover-is-layout-constrained\">\n<p><\/p>\n<\/div><\/div>\n<\/div>\n<\/div>\n\n\n\n<div style=\"height:10px\" aria-hidden=\"true\" class=\"wp-block-spacer\"><\/div>\n\n\n\n<figure class=\"wp-block-image size-large\"><img loading=\"lazy\" decoding=\"async\" width=\"1024\" height=\"726\" src=\"http:\/\/legend.ee\/wp-content\/uploads\/2025\/05\/SUMMA-1-1024x726.png\" alt=\"\" class=\"wp-image-2012\" srcset=\"https:\/\/legend.ee\/wp-content\/uploads\/2025\/05\/SUMMA-1-1024x726.png 1024w, https:\/\/legend.ee\/wp-content\/uploads\/2025\/05\/SUMMA-1-300x213.png 300w, https:\/\/legend.ee\/wp-content\/uploads\/2025\/05\/SUMMA-1-768x545.png 768w, https:\/\/legend.ee\/wp-content\/uploads\/2025\/05\/SUMMA-1-1536x1090.png 1536w, https:\/\/legend.ee\/wp-content\/uploads\/2025\/05\/SUMMA-1-1568x1112.png 1568w, https:\/\/legend.ee\/wp-content\/uploads\/2025\/05\/SUMMA-1.png 1748w\" sizes=\"auto, (max-width: 1024px) 100vw, 1024px\" \/><\/figure>\n\n\n\n<div style=\"height:20px\" aria-hidden=\"true\" class=\"wp-block-spacer\"><\/div>\n","protected":false},"excerpt":{"rendered":"","protected":false},"author":2,"featured_media":0,"parent":0,"menu_order":0,"comment_status":"closed","ping_status":"closed","template":"","meta":{"footnotes":""},"class_list":["post-1978","page","type-page","status-publish","hentry"],"yoast_head":"<!-- This site is optimized with the Yoast SEO plugin v25.1 - https:\/\/yoast.com\/wordpress\/plugins\/seo\/ -->\n<title>Lahjakortti - Hotell Legend<\/title>\n<meta name=\"robots\" content=\"index, follow, max-snippet:-1, max-image-preview:large, max-video-preview:-1\" \/>\n<link rel=\"canonical\" href=\"https:\/\/legend.ee\/fi\/lahjakortti\/\" \/>\n<meta property=\"og:locale\" content=\"fi_FI\" \/>\n<meta property=\"og:type\" content=\"article\" \/>\n<meta property=\"og:title\" content=\"Lahjakortti - Hotell Legend\" \/>\n<meta property=\"og:url\" content=\"https:\/\/legend.ee\/fi\/lahjakortti\/\" \/>\n<meta property=\"og:site_name\" content=\"Hotell Legend\" \/>\n<meta property=\"article:modified_time\" content=\"2025-11-13T13:19:46+00:00\" \/>\n<meta property=\"og:image\" content=\"http:\/\/legend.ee\/wp-content\/uploads\/2025\/03\/IMG_5938-scaled.jpg\" \/>\n<meta name=\"twitter:card\" content=\"summary_large_image\" \/>\n<meta name=\"twitter:label1\" content=\"Arvioitu lukuaika\" \/>\n\t<meta name=\"twitter:data1\" content=\"1 minuutti\" \/>\n<script type=\"application\/ld+json\" class=\"yoast-schema-graph\">{\"@context\":\"https:\/\/schema.org\",\"@graph\":[{\"@type\":\"WebPage\",\"@id\":\"https:\/\/legend.ee\/fi\/lahjakortti\/\",\"url\":\"https:\/\/legend.ee\/fi\/lahjakortti\/\",\"name\":\"Lahjakortti - Hotell Legend\",\"isPartOf\":{\"@id\":\"https:\/\/legend.ee\/#website\"},\"primaryImageOfPage\":{\"@id\":\"https:\/\/legend.ee\/fi\/lahjakortti\/#primaryimage\"},\"image\":{\"@id\":\"https:\/\/legend.ee\/fi\/lahjakortti\/#primaryimage\"},\"thumbnailUrl\":\"http:\/\/legend.ee\/wp-content\/uploads\/2025\/03\/IMG_5938-scaled.jpg\",\"datePublished\":\"2025-01-29T13:44:02+00:00\",\"dateModified\":\"2025-11-13T13:19:46+00:00\",\"breadcrumb\":{\"@id\":\"https:\/\/legend.ee\/fi\/lahjakortti\/#breadcrumb\"},\"inLanguage\":\"fi\",\"potentialAction\":[{\"@type\":\"ReadAction\",\"target\":[\"https:\/\/legend.ee\/fi\/lahjakortti\/\"]}]},{\"@type\":\"ImageObject\",\"inLanguage\":\"fi\",\"@id\":\"https:\/\/legend.ee\/fi\/lahjakortti\/#primaryimage\",\"url\":\"http:\/\/legend.ee\/wp-content\/uploads\/2025\/03\/IMG_5938-scaled.jpg\",\"contentUrl\":\"http:\/\/legend.ee\/wp-content\/uploads\/2025\/03\/IMG_5938-scaled.jpg\"},{\"@type\":\"BreadcrumbList\",\"@id\":\"https:\/\/legend.ee\/fi\/lahjakortti\/#breadcrumb\",\"itemListElement\":[{\"@type\":\"ListItem\",\"position\":1,\"name\":\"Home\",\"item\":\"http:\/\/legend.ee\/fi\/\"},{\"@type\":\"ListItem\",\"position\":2,\"name\":\"Lahjakortti\"}]},{\"@type\":\"WebSite\",\"@id\":\"https:\/\/legend.ee\/#website\",\"url\":\"https:\/\/legend.ee\/\",\"name\":\"Hotell Legend\",\"description\":\"\",\"publisher\":{\"@id\":\"https:\/\/legend.ee\/#organization\"},\"potentialAction\":[{\"@type\":\"SearchAction\",\"target\":{\"@type\":\"EntryPoint\",\"urlTemplate\":\"https:\/\/legend.ee\/?s={search_term_string}\"},\"query-input\":{\"@type\":\"PropertyValueSpecification\",\"valueRequired\":true,\"valueName\":\"search_term_string\"}}],\"inLanguage\":\"fi\"},{\"@type\":\"Organization\",\"@id\":\"https:\/\/legend.ee\/#organization\",\"name\":\"Hotell Legend\",\"url\":\"https:\/\/legend.ee\/\",\"logo\":{\"@type\":\"ImageObject\",\"inLanguage\":\"fi\",\"@id\":\"https:\/\/legend.ee\/#\/schema\/logo\/image\/\",\"url\":\"https:\/\/legend.ee\/wp-content\/uploads\/2025\/01\/Legend-Logo-vektor-cropped.svg\",\"contentUrl\":\"https:\/\/legend.ee\/wp-content\/uploads\/2025\/01\/Legend-Logo-vektor-cropped.svg\",\"width\":975,\"height\":432,\"caption\":\"Hotell Legend\"},\"image\":{\"@id\":\"https:\/\/legend.ee\/#\/schema\/logo\/image\/\"}}]}<\/script>\n<!-- \/ Yoast SEO plugin. -->","yoast_head_json":{"title":"Lahjakortti - Hotell Legend","robots":{"index":"index","follow":"follow","max-snippet":"max-snippet:-1","max-image-preview":"max-image-preview:large","max-video-preview":"max-video-preview:-1"},"canonical":"https:\/\/legend.ee\/fi\/lahjakortti\/","og_locale":"fi_FI","og_type":"article","og_title":"Lahjakortti - Hotell Legend","og_url":"https:\/\/legend.ee\/fi\/lahjakortti\/","og_site_name":"Hotell Legend","article_modified_time":"2025-11-13T13:19:46+00:00","og_image":[{"url":"http:\/\/legend.ee\/wp-content\/uploads\/2025\/03\/IMG_5938-scaled.jpg","type":"","width":"","height":""}],"twitter_card":"summary_large_image","twitter_misc":{"Arvioitu lukuaika":"1 minuutti"},"schema":{"@context":"https:\/\/schema.org","@graph":[{"@type":"WebPage","@id":"https:\/\/legend.ee\/fi\/lahjakortti\/","url":"https:\/\/legend.ee\/fi\/lahjakortti\/","name":"Lahjakortti - Hotell Legend","isPartOf":{"@id":"https:\/\/legend.ee\/#website"},"primaryImageOfPage":{"@id":"https:\/\/legend.ee\/fi\/lahjakortti\/#primaryimage"},"image":{"@id":"https:\/\/legend.ee\/fi\/lahjakortti\/#primaryimage"},"thumbnailUrl":"http:\/\/legend.ee\/wp-content\/uploads\/2025\/03\/IMG_5938-scaled.jpg","datePublished":"2025-01-29T13:44:02+00:00","dateModified":"2025-11-13T13:19:46+00:00","breadcrumb":{"@id":"https:\/\/legend.ee\/fi\/lahjakortti\/#breadcrumb"},"inLanguage":"fi","potentialAction":[{"@type":"ReadAction","target":["https:\/\/legend.ee\/fi\/lahjakortti\/"]}]},{"@type":"ImageObject","inLanguage":"fi","@id":"https:\/\/legend.ee\/fi\/lahjakortti\/#primaryimage","url":"http:\/\/legend.ee\/wp-content\/uploads\/2025\/03\/IMG_5938-scaled.jpg","contentUrl":"http:\/\/legend.ee\/wp-content\/uploads\/2025\/03\/IMG_5938-scaled.jpg"},{"@type":"BreadcrumbList","@id":"https:\/\/legend.ee\/fi\/lahjakortti\/#breadcrumb","itemListElement":[{"@type":"ListItem","position":1,"name":"Home","item":"http:\/\/legend.ee\/fi\/"},{"@type":"ListItem","position":2,"name":"Lahjakortti"}]},{"@type":"WebSite","@id":"https:\/\/legend.ee\/#website","url":"https:\/\/legend.ee\/","name":"Hotell Legend","description":"","publisher":{"@id":"https:\/\/legend.ee\/#organization"},"potentialAction":[{"@type":"SearchAction","target":{"@type":"EntryPoint","urlTemplate":"https:\/\/legend.ee\/?s={search_term_string}"},"query-input":{"@type":"PropertyValueSpecification","valueRequired":true,"valueName":"search_term_string"}}],"inLanguage":"fi"},{"@type":"Organization","@id":"https:\/\/legend.ee\/#organization","name":"Hotell Legend","url":"https:\/\/legend.ee\/","logo":{"@type":"ImageObject","inLanguage":"fi","@id":"https:\/\/legend.ee\/#\/schema\/logo\/image\/","url":"https:\/\/legend.ee\/wp-content\/uploads\/2025\/01\/Legend-Logo-vektor-cropped.svg","contentUrl":"https:\/\/legend.ee\/wp-content\/uploads\/2025\/01\/Legend-Logo-vektor-cropped.svg","width":975,"height":432,"caption":"Hotell Legend"},"image":{"@id":"https:\/\/legend.ee\/#\/schema\/logo\/image\/"}}]}},"_links":{"self":[{"href":"https:\/\/legend.ee\/fi\/wp-json\/wp\/v2\/pages\/1978","targetHints":{"allow":["GET"]}}],"collection":[{"href":"https:\/\/legend.ee\/fi\/wp-json\/wp\/v2\/pages"}],"about":[{"href":"https:\/\/legend.ee\/fi\/wp-json\/wp\/v2\/types\/page"}],"author":[{"embeddable":true,"href":"https:\/\/legend.ee\/fi\/wp-json\/wp\/v2\/users\/2"}],"replies":[{"embeddable":true,"href":"https:\/\/legend.ee\/fi\/wp-json\/wp\/v2\/comments?post=1978"}],"version-history":[{"count":3,"href":"https:\/\/legend.ee\/fi\/wp-json\/wp\/v2\/pages\/1978\/revisions"}],"predecessor-version":[{"id":2096,"href":"https:\/\/legend.ee\/fi\/wp-json\/wp\/v2\/pages\/1978\/revisions\/2096"}],"wp:attachment":[{"href":"https:\/\/legend.ee\/fi\/wp-json\/wp\/v2\/media?parent=1978"}],"curies":[{"name":"wp","href":"https:\/\/api.w.org\/{rel}","templated":true}]}}