{"id":1951,"date":"2025-01-28T13:34:58","date_gmt":"2025-01-28T13:34:58","guid":{"rendered":"https:\/\/legend.ee\/parkimine\/"},"modified":"2025-09-02T07:34:50","modified_gmt":"2025-09-02T07:34:50","slug":"pysakointi","status":"publish","type":"page","link":"https:\/\/legend.ee\/fi\/pysakointi\/","title":{"rendered":"Pys\u00e4k\u00f6inti"},"content":{"rendered":"\n<div class=\"wp-block-cover alignfull is-light\" style=\"min-height:355px;aspect-ratio:unset;\"><img loading=\"lazy\" decoding=\"async\" width=\"1024\" height=\"683\" class=\"wp-block-cover__image-background wp-image-1535 size-large\" alt=\"\" src=\"http:\/\/legend.ee\/wp-content\/uploads\/2025\/03\/Legend_RiinNurk00401-1024x683.jpg\" style=\"object-position:39% 10%\" data-object-fit=\"cover\" data-object-position=\"39% 10%\" srcset=\"https:\/\/legend.ee\/wp-content\/uploads\/2025\/03\/Legend_RiinNurk00401-1024x683.jpg 1024w, https:\/\/legend.ee\/wp-content\/uploads\/2025\/03\/Legend_RiinNurk00401-300x200.jpg 300w, https:\/\/legend.ee\/wp-content\/uploads\/2025\/03\/Legend_RiinNurk00401-768x512.jpg 768w, https:\/\/legend.ee\/wp-content\/uploads\/2025\/03\/Legend_RiinNurk00401-1536x1024.jpg 1536w, https:\/\/legend.ee\/wp-content\/uploads\/2025\/03\/Legend_RiinNurk00401-2048x1365.jpg 2048w, https:\/\/legend.ee\/wp-content\/uploads\/2025\/03\/Legend_RiinNurk00401-1568x1045.jpg 1568w\" sizes=\"auto, (max-width: 1024px) 100vw, 1024px\" \/><span aria-hidden=\"true\" class=\"wp-block-cover__background has-background-dim-30 has-background-dim\" style=\"background-color:#928b8e\"><\/span><div class=\"wp-block-cover__inner-container is-layout-flow wp-block-cover-is-layout-flow\">\n<p class=\"has-text-align-center has-large-font-size\"><\/p>\n<\/div><\/div>\n\n\n\n<div style=\"height:15px\" aria-hidden=\"true\" class=\"wp-block-spacer\"><\/div>\n\n\n\n<h2 class=\"wp-block-heading has-text-align-center\" style=\"font-size:30px\"><strong><strong>PYS\u00c4K\u00d6INTI<\/strong><\/strong><\/h2>\n\n\n\n<p class=\"has-text-align-center\" style=\"font-size:24px\"><strong>PYS\u00c4K\u00d6INTI ON ILMAISTA HOTELLIN PYS\u00c4K\u00d6INTIALUEELLA JA LEHE-KADULLA (01.09.25 &#8211; 30.04.26<\/strong>)<\/p>\n\n\n\n<div class=\"wp-block-columns alignwide is-layout-flex wp-container-core-columns-is-layout-9a58509f wp-block-columns-is-layout-flex\" style=\"padding-top:var(--wp--preset--spacing--30);padding-right:var(--wp--preset--spacing--40);padding-bottom:var(--wp--preset--spacing--30);padding-left:var(--wp--preset--spacing--40)\">\n<div class=\"wp-block-column is-layout-flow wp-block-column-is-layout-flow\">\n<div class=\"wp-block-cover is-light\" style=\"padding-top:var(--wp--preset--spacing--40);padding-right:var(--wp--preset--spacing--40);padding-bottom:var(--wp--preset--spacing--40);padding-left:var(--wp--preset--spacing--40);min-height:554px;aspect-ratio:unset;\"><span aria-hidden=\"true\" class=\"wp-block-cover__background has-background-dim-100 has-background-dim\" style=\"background-color:#f4e1c9\"><\/span><div class=\"wp-block-cover__inner-container is-layout-constrained wp-container-core-cover-is-layout-52009084 wp-block-cover-is-layout-constrained\">\n<h2 class=\"wp-block-heading has-text-align-center\" style=\"font-size:31px\"><strong><strong>Ranta-alue<\/strong> 01.05\u201331.08<\/strong><\/h2>\n\n\n\n<ul style=\"padding-right:var(--wp--preset--spacing--50);padding-left:var(--wp--preset--spacing--50)\" class=\"wp-block-list\">\n<li style=\"font-size:24px\">Ma\u2013su (mukaan lukien kansalliset ja pyh\u00e4p\u00e4iv\u00e4t) 08:00\u201319:00<\/li>\n\n\n\n<li style=\"font-size:24px\">1 h \u2013 5 \u20ac ; 24 h &#8211; 25 \u20ac<\/li>\n\n\n\n<li style=\"font-size:24px\">ensimm\u00e4iset 30 minuuttia pys\u00e4k\u00f6intimittarilla ilmaiseksi<\/li>\n\n\n\n<li style=\"font-size:24px\">lippu on voimassa my\u00f6s vanhassakaupungissa ja keskustassa samana aikana<\/li>\n<\/ul>\n<\/div><\/div>\n<\/div>\n\n\n\n<div class=\"wp-block-column is-layout-flow wp-block-column-is-layout-flow\">\n<div class=\"wp-block-cover is-light\" style=\"padding-top:var(--wp--preset--spacing--40);padding-right:var(--wp--preset--spacing--40);padding-bottom:var(--wp--preset--spacing--40);padding-left:var(--wp--preset--spacing--40);min-height:556px;aspect-ratio:unset;\"><span aria-hidden=\"true\" class=\"wp-block-cover__background has-background-dim-100 has-background-dim\" style=\"background-color:#eae7dc\"><\/span><div class=\"wp-block-cover__inner-container is-layout-constrained wp-container-core-cover-is-layout-52009084 wp-block-cover-is-layout-constrained\">\n<h2 class=\"wp-block-heading has-text-align-center\" style=\"font-size:31px\"><strong><strong>Ranta-alue<\/strong><\/strong> <strong>01.09\u201330.04<\/strong><\/h2>\n\n\n\n<ul style=\"padding-right:var(--wp--preset--spacing--50);padding-left:var(--wp--preset--spacing--50)\" class=\"wp-block-list\">\n<li style=\"font-size:24px\">ILMAINEN<\/li>\n<\/ul>\n<\/div><\/div>\n<\/div>\n\n\n\n<div class=\"wp-block-column is-vertically-aligned-top is-layout-flow wp-block-column-is-layout-flow\">\n<div class=\"wp-block-cover is-light\" style=\"padding-top:var(--wp--preset--spacing--40);padding-right:var(--wp--preset--spacing--40);padding-bottom:var(--wp--preset--spacing--40);padding-left:var(--wp--preset--spacing--40);min-height:557px;aspect-ratio:unset;\"><img loading=\"lazy\" decoding=\"async\" width=\"1024\" height=\"708\" class=\"wp-block-cover__image-background wp-image-1910 size-large\" alt=\"\" src=\"https:\/\/legend.ee\/wp-content\/uploads\/2025\/05\/tasulise_parkimisala_illustratsioon2024-1024x708.webp\" data-object-fit=\"cover\" srcset=\"https:\/\/legend.ee\/wp-content\/uploads\/2025\/05\/tasulise_parkimisala_illustratsioon2024-1024x708.webp 1024w, https:\/\/legend.ee\/wp-content\/uploads\/2025\/05\/tasulise_parkimisala_illustratsioon2024-300x207.webp 300w, https:\/\/legend.ee\/wp-content\/uploads\/2025\/05\/tasulise_parkimisala_illustratsioon2024-768x531.webp 768w, https:\/\/legend.ee\/wp-content\/uploads\/2025\/05\/tasulise_parkimisala_illustratsioon2024.webp 1427w\" sizes=\"auto, (max-width: 1024px) 100vw, 1024px\" \/><span aria-hidden=\"true\" class=\"wp-block-cover__background has-background-dim-0 has-background-dim\" style=\"background-color:#b0ceca\"><\/span><div class=\"wp-block-cover__inner-container is-layout-constrained wp-container-core-cover-is-layout-52009084 wp-block-cover-is-layout-constrained\">\n<p class=\"has-text-align-center has-large-font-size\"><\/p>\n<\/div><\/div>\n<\/div>\n<\/div>\n\n\n\n<div style=\"height:10px\" aria-hidden=\"true\" class=\"wp-block-spacer\"><\/div>\n\n\n\n<p class=\"has-text-align-center\" style=\"font-size:30px\"><strong><strong>PYS\u00c4K\u00d6INTILIPUN OSTAMINEN ON KOLMELLA VAIHTOEHTOA<\/strong>:<\/strong><\/p>\n\n\n\n<ul class=\"wp-block-list\">\n<li style=\"font-size:24px\"><strong>PARGI.EE &#8211; <strong>SOVELLUS<\/strong><\/strong><\/li>\n\n\n\n<li style=\"font-size:24px\"><strong>PYS\u00c4K\u00d6INTIAUTOMAATTI<\/strong> &#8211; kaksi l\u00e4hint\u00e4 pys\u00e4k\u00f6intiautomaattia sijaitsevat noin 200 metrin p\u00e4\u00e4ss\u00e4, osoitteessa Ranna pst 1a tai Kuuse 1.<\/li>\n\n\n\n<li style=\"font-size:24px\"><strong><strong>TEKSTIVIESTIPYS\u00c4K\u00d6INTI<\/strong><\/strong> &#8211; <strong>NB! Tekstiviestipys\u00e4k\u00f6inti on mahdollista vain, jos sinulla on sopimus virolaisen matkapuhelinoperaattorin kanssa!<\/strong> Pys\u00e4k\u00f6intimaksu lasketaan minuutilta. Jos pys\u00e4k\u00f6inti jatkuu keskeytyksett\u00e4, viiden tunnin t\u00e4yttymisen j\u00e4lkeen sovelletaan 24 tunnin pys\u00e4k\u00f6intimaksua<\/li>\n\n\n\n<li style=\"font-size:24px\"><strong><strong>Aloittaaksesi pys\u00e4k\u00f6innin, l\u00e4het\u00e4 viesti numeroon 1902<\/strong><\/strong><\/li>\n\n\n\n<li style=\"font-size:24px\"><strong><strong>Kirjoita viestiin: 123ABC PRAND30<\/strong><\/strong><\/li>\n\n\n\n<li style=\"font-size:24px\"><strong><strong>Kun olet valmis, soita numeroon 1903<\/strong><\/strong><\/li>\n<\/ul>\n\n\n\n<p class=\"has-text-align-center\" style=\"font-size:24px\">Viiden tunnin&nbsp;t\u00e4ytytty\u00e4 veloitetaan pys\u00e4k\u00f6intimaksuksi alueen voimassa oleva 24 tunnin pys\u00e4k\u00f6intihinta (jos pys\u00e4k\u00f6inti on ollut jatkuvaa).<\/p>\n\n\n\n<p class=\"has-text-align-center\" style=\"font-size:24px\">Lis\u00e4tietoja: <a href=\"https:\/\/visitparnu.com\/fi\/pysakointi-parnussa\/\" target=\"_blank\" rel=\"noreferrer noopener\">Pys\u00e4k\u00f6inti P\u00e4rnussa &#8211; Visit P\u00e4rnu<\/a><\/p>\n\n\n\n<div style=\"height:15px\" aria-hidden=\"true\" class=\"wp-block-spacer\"><\/div>\n\n\n\n<p><\/p>\n","protected":false},"excerpt":{"rendered":"<p>PYS\u00c4K\u00d6INTI PYS\u00c4K\u00d6INTI ON ILMAISTA HOTELLIN PYS\u00c4K\u00d6INTIALUEELLA JA LEHE-KADULLA (01.09.25 &#8211; 30.04.26) PYS\u00c4K\u00d6INTILIPUN OSTAMINEN ON KOLMELLA VAIHTOEHTOA: Viiden tunnin&nbsp;t\u00e4ytytty\u00e4 veloitetaan pys\u00e4k\u00f6intimaksuksi alueen voimassa oleva 24 tunnin pys\u00e4k\u00f6intihinta (jos pys\u00e4k\u00f6inti on ollut jatkuvaa). Lis\u00e4tietoja: Pys\u00e4k\u00f6inti P\u00e4rnussa &#8211; Visit P\u00e4rnu<\/p>\n","protected":false},"author":2,"featured_media":0,"parent":0,"menu_order":0,"comment_status":"closed","ping_status":"closed","template":"","meta":{"footnotes":""},"class_list":["post-1951","page","type-page","status-publish","hentry"],"yoast_head":"<!-- This site is optimized with the Yoast SEO plugin v25.1 - https:\/\/yoast.com\/wordpress\/plugins\/seo\/ -->\n<title>Pys\u00e4k\u00f6inti - Hotell Legend<\/title>\n<meta name=\"robots\" content=\"index, follow, max-snippet:-1, max-image-preview:large, max-video-preview:-1\" \/>\n<link rel=\"canonical\" href=\"https:\/\/legend.ee\/fi\/pysakointi\/\" \/>\n<meta property=\"og:locale\" content=\"fi_FI\" \/>\n<meta property=\"og:type\" content=\"article\" \/>\n<meta property=\"og:title\" content=\"Pys\u00e4k\u00f6inti - Hotell Legend\" \/>\n<meta property=\"og:description\" content=\"PYS\u00c4K\u00d6INTI PYS\u00c4K\u00d6INTI ON ILMAISTA HOTELLIN PYS\u00c4K\u00d6INTIALUEELLA JA LEHE-KADULLA (01.09.25 &#8211; 30.04.26) PYS\u00c4K\u00d6INTILIPUN OSTAMINEN ON KOLMELLA VAIHTOEHTOA: Viiden tunnin&nbsp;t\u00e4ytytty\u00e4 veloitetaan pys\u00e4k\u00f6intimaksuksi alueen voimassa oleva 24 tunnin pys\u00e4k\u00f6intihinta (jos pys\u00e4k\u00f6inti on ollut jatkuvaa). Lis\u00e4tietoja: Pys\u00e4k\u00f6inti P\u00e4rnussa &#8211; Visit P\u00e4rnu\" \/>\n<meta property=\"og:url\" content=\"https:\/\/legend.ee\/fi\/pysakointi\/\" \/>\n<meta property=\"og:site_name\" content=\"Hotell Legend\" \/>\n<meta property=\"article:modified_time\" content=\"2025-09-02T07:34:50+00:00\" \/>\n<meta property=\"og:image\" content=\"http:\/\/legend.ee\/wp-content\/uploads\/2025\/03\/Legend_RiinNurk00401-1024x683.jpg\" \/>\n<meta name=\"twitter:card\" content=\"summary_large_image\" \/>\n<meta name=\"twitter:label1\" content=\"Arvioitu lukuaika\" \/>\n\t<meta name=\"twitter:data1\" content=\"2 minuuttia\" \/>\n<script type=\"application\/ld+json\" class=\"yoast-schema-graph\">{\"@context\":\"https:\/\/schema.org\",\"@graph\":[{\"@type\":\"WebPage\",\"@id\":\"https:\/\/legend.ee\/fi\/pysakointi\/\",\"url\":\"https:\/\/legend.ee\/fi\/pysakointi\/\",\"name\":\"Pys\u00e4k\u00f6inti - Hotell Legend\",\"isPartOf\":{\"@id\":\"https:\/\/legend.ee\/#website\"},\"primaryImageOfPage\":{\"@id\":\"https:\/\/legend.ee\/fi\/pysakointi\/#primaryimage\"},\"image\":{\"@id\":\"https:\/\/legend.ee\/fi\/pysakointi\/#primaryimage\"},\"thumbnailUrl\":\"http:\/\/legend.ee\/wp-content\/uploads\/2025\/03\/Legend_RiinNurk00401-1024x683.jpg\",\"datePublished\":\"2025-01-28T13:34:58+00:00\",\"dateModified\":\"2025-09-02T07:34:50+00:00\",\"breadcrumb\":{\"@id\":\"https:\/\/legend.ee\/fi\/pysakointi\/#breadcrumb\"},\"inLanguage\":\"fi\",\"potentialAction\":[{\"@type\":\"ReadAction\",\"target\":[\"https:\/\/legend.ee\/fi\/pysakointi\/\"]}]},{\"@type\":\"ImageObject\",\"inLanguage\":\"fi\",\"@id\":\"https:\/\/legend.ee\/fi\/pysakointi\/#primaryimage\",\"url\":\"http:\/\/legend.ee\/wp-content\/uploads\/2025\/03\/Legend_RiinNurk00401-1024x683.jpg\",\"contentUrl\":\"http:\/\/legend.ee\/wp-content\/uploads\/2025\/03\/Legend_RiinNurk00401-1024x683.jpg\"},{\"@type\":\"BreadcrumbList\",\"@id\":\"https:\/\/legend.ee\/fi\/pysakointi\/#breadcrumb\",\"itemListElement\":[{\"@type\":\"ListItem\",\"position\":1,\"name\":\"Home\",\"item\":\"http:\/\/legend.ee\/fi\/\"},{\"@type\":\"ListItem\",\"position\":2,\"name\":\"Pys\u00e4k\u00f6inti\"}]},{\"@type\":\"WebSite\",\"@id\":\"https:\/\/legend.ee\/#website\",\"url\":\"https:\/\/legend.ee\/\",\"name\":\"Hotell Legend\",\"description\":\"\",\"publisher\":{\"@id\":\"https:\/\/legend.ee\/#organization\"},\"potentialAction\":[{\"@type\":\"SearchAction\",\"target\":{\"@type\":\"EntryPoint\",\"urlTemplate\":\"https:\/\/legend.ee\/?s={search_term_string}\"},\"query-input\":{\"@type\":\"PropertyValueSpecification\",\"valueRequired\":true,\"valueName\":\"search_term_string\"}}],\"inLanguage\":\"fi\"},{\"@type\":\"Organization\",\"@id\":\"https:\/\/legend.ee\/#organization\",\"name\":\"Hotell Legend\",\"url\":\"https:\/\/legend.ee\/\",\"logo\":{\"@type\":\"ImageObject\",\"inLanguage\":\"fi\",\"@id\":\"https:\/\/legend.ee\/#\/schema\/logo\/image\/\",\"url\":\"https:\/\/legend.ee\/wp-content\/uploads\/2025\/01\/Legend-Logo-vektor-cropped.svg\",\"contentUrl\":\"https:\/\/legend.ee\/wp-content\/uploads\/2025\/01\/Legend-Logo-vektor-cropped.svg\",\"width\":975,\"height\":432,\"caption\":\"Hotell Legend\"},\"image\":{\"@id\":\"https:\/\/legend.ee\/#\/schema\/logo\/image\/\"}}]}<\/script>\n<!-- \/ Yoast SEO plugin. -->","yoast_head_json":{"title":"Pys\u00e4k\u00f6inti - Hotell Legend","robots":{"index":"index","follow":"follow","max-snippet":"max-snippet:-1","max-image-preview":"max-image-preview:large","max-video-preview":"max-video-preview:-1"},"canonical":"https:\/\/legend.ee\/fi\/pysakointi\/","og_locale":"fi_FI","og_type":"article","og_title":"Pys\u00e4k\u00f6inti - Hotell Legend","og_description":"PYS\u00c4K\u00d6INTI PYS\u00c4K\u00d6INTI ON ILMAISTA HOTELLIN PYS\u00c4K\u00d6INTIALUEELLA JA LEHE-KADULLA (01.09.25 &#8211; 30.04.26) PYS\u00c4K\u00d6INTILIPUN OSTAMINEN ON KOLMELLA VAIHTOEHTOA: Viiden tunnin&nbsp;t\u00e4ytytty\u00e4 veloitetaan pys\u00e4k\u00f6intimaksuksi alueen voimassa oleva 24 tunnin pys\u00e4k\u00f6intihinta (jos pys\u00e4k\u00f6inti on ollut jatkuvaa). Lis\u00e4tietoja: Pys\u00e4k\u00f6inti P\u00e4rnussa &#8211; Visit P\u00e4rnu","og_url":"https:\/\/legend.ee\/fi\/pysakointi\/","og_site_name":"Hotell Legend","article_modified_time":"2025-09-02T07:34:50+00:00","og_image":[{"url":"http:\/\/legend.ee\/wp-content\/uploads\/2025\/03\/Legend_RiinNurk00401-1024x683.jpg","type":"","width":"","height":""}],"twitter_card":"summary_large_image","twitter_misc":{"Arvioitu lukuaika":"2 minuuttia"},"schema":{"@context":"https:\/\/schema.org","@graph":[{"@type":"WebPage","@id":"https:\/\/legend.ee\/fi\/pysakointi\/","url":"https:\/\/legend.ee\/fi\/pysakointi\/","name":"Pys\u00e4k\u00f6inti - Hotell Legend","isPartOf":{"@id":"https:\/\/legend.ee\/#website"},"primaryImageOfPage":{"@id":"https:\/\/legend.ee\/fi\/pysakointi\/#primaryimage"},"image":{"@id":"https:\/\/legend.ee\/fi\/pysakointi\/#primaryimage"},"thumbnailUrl":"http:\/\/legend.ee\/wp-content\/uploads\/2025\/03\/Legend_RiinNurk00401-1024x683.jpg","datePublished":"2025-01-28T13:34:58+00:00","dateModified":"2025-09-02T07:34:50+00:00","breadcrumb":{"@id":"https:\/\/legend.ee\/fi\/pysakointi\/#breadcrumb"},"inLanguage":"fi","potentialAction":[{"@type":"ReadAction","target":["https:\/\/legend.ee\/fi\/pysakointi\/"]}]},{"@type":"ImageObject","inLanguage":"fi","@id":"https:\/\/legend.ee\/fi\/pysakointi\/#primaryimage","url":"http:\/\/legend.ee\/wp-content\/uploads\/2025\/03\/Legend_RiinNurk00401-1024x683.jpg","contentUrl":"http:\/\/legend.ee\/wp-content\/uploads\/2025\/03\/Legend_RiinNurk00401-1024x683.jpg"},{"@type":"BreadcrumbList","@id":"https:\/\/legend.ee\/fi\/pysakointi\/#breadcrumb","itemListElement":[{"@type":"ListItem","position":1,"name":"Home","item":"http:\/\/legend.ee\/fi\/"},{"@type":"ListItem","position":2,"name":"Pys\u00e4k\u00f6inti"}]},{"@type":"WebSite","@id":"https:\/\/legend.ee\/#website","url":"https:\/\/legend.ee\/","name":"Hotell Legend","description":"","publisher":{"@id":"https:\/\/legend.ee\/#organization"},"potentialAction":[{"@type":"SearchAction","target":{"@type":"EntryPoint","urlTemplate":"https:\/\/legend.ee\/?s={search_term_string}"},"query-input":{"@type":"PropertyValueSpecification","valueRequired":true,"valueName":"search_term_string"}}],"inLanguage":"fi"},{"@type":"Organization","@id":"https:\/\/legend.ee\/#organization","name":"Hotell Legend","url":"https:\/\/legend.ee\/","logo":{"@type":"ImageObject","inLanguage":"fi","@id":"https:\/\/legend.ee\/#\/schema\/logo\/image\/","url":"https:\/\/legend.ee\/wp-content\/uploads\/2025\/01\/Legend-Logo-vektor-cropped.svg","contentUrl":"https:\/\/legend.ee\/wp-content\/uploads\/2025\/01\/Legend-Logo-vektor-cropped.svg","width":975,"height":432,"caption":"Hotell Legend"},"image":{"@id":"https:\/\/legend.ee\/#\/schema\/logo\/image\/"}}]}},"_links":{"self":[{"href":"https:\/\/legend.ee\/fi\/wp-json\/wp\/v2\/pages\/1951","targetHints":{"allow":["GET"]}}],"collection":[{"href":"https:\/\/legend.ee\/fi\/wp-json\/wp\/v2\/pages"}],"about":[{"href":"https:\/\/legend.ee\/fi\/wp-json\/wp\/v2\/types\/page"}],"author":[{"embeddable":true,"href":"https:\/\/legend.ee\/fi\/wp-json\/wp\/v2\/users\/2"}],"replies":[{"embeddable":true,"href":"https:\/\/legend.ee\/fi\/wp-json\/wp\/v2\/comments?post=1951"}],"version-history":[{"count":3,"href":"https:\/\/legend.ee\/fi\/wp-json\/wp\/v2\/pages\/1951\/revisions"}],"predecessor-version":[{"id":2086,"href":"https:\/\/legend.ee\/fi\/wp-json\/wp\/v2\/pages\/1951\/revisions\/2086"}],"wp:attachment":[{"href":"https:\/\/legend.ee\/fi\/wp-json\/wp\/v2\/media?parent=1951"}],"curies":[{"name":"wp","href":"https:\/\/api.w.org\/{rel}","templated":true}]}}