{"id":1949,"date":"2025-04-21T09:42:34","date_gmt":"2025-04-21T09:42:34","guid":{"rendered":"https:\/\/legend.ee\/kinkekaardi-ostutingimused\/"},"modified":"2025-05-17T20:13:25","modified_gmt":"2025-05-17T20:13:25","slug":"lahjakortin-ostoehdot","status":"publish","type":"page","link":"https:\/\/legend.ee\/fi\/lahjakortin-ostoehdot\/","title":{"rendered":"Lahjakortin ostoehdot"},"content":{"rendered":"\n<div class=\"wp-block-cover alignfull is-light\" style=\"min-height:355px;aspect-ratio:unset;\"><img loading=\"lazy\" decoding=\"async\" width=\"1024\" height=\"683\" class=\"wp-block-cover__image-background wp-image-1532 size-large\" alt=\"\" src=\"http:\/\/legend.ee\/wp-content\/uploads\/2025\/03\/Legend_RiinNurk00400-1024x683.jpg\" style=\"object-position:55% 29%\" data-object-fit=\"cover\" data-object-position=\"55% 29%\" srcset=\"https:\/\/legend.ee\/wp-content\/uploads\/2025\/03\/Legend_RiinNurk00400-1024x683.jpg 1024w, https:\/\/legend.ee\/wp-content\/uploads\/2025\/03\/Legend_RiinNurk00400-300x200.jpg 300w, https:\/\/legend.ee\/wp-content\/uploads\/2025\/03\/Legend_RiinNurk00400-768x512.jpg 768w, https:\/\/legend.ee\/wp-content\/uploads\/2025\/03\/Legend_RiinNurk00400-1536x1024.jpg 1536w, https:\/\/legend.ee\/wp-content\/uploads\/2025\/03\/Legend_RiinNurk00400-2048x1365.jpg 2048w, https:\/\/legend.ee\/wp-content\/uploads\/2025\/03\/Legend_RiinNurk00400-1568x1045.jpg 1568w\" sizes=\"auto, (max-width: 1024px) 100vw, 1024px\" \/><span aria-hidden=\"true\" class=\"wp-block-cover__background has-background-dim-20 has-background-dim\" style=\"background-color:#948d8f\"><\/span><div class=\"wp-block-cover__inner-container is-layout-flow wp-block-cover-is-layout-flow\">\n<p class=\"has-text-align-center has-large-font-size\"><\/p>\n<\/div><\/div>\n\n\n\n<div style=\"height:20px\" aria-hidden=\"true\" class=\"wp-block-spacer\"><\/div>\n\n\n\n<h2 class=\"wp-block-heading\"><strong>1. <strong>Lahjakortin ostoehdot<\/strong><\/strong><\/h2>\n\n\n\n<ul class=\"wp-block-list\">\n<li>1.1. Legend Hotel -lahjakortin voi ostaa hotellin verkkosivuilta;<\/li>\n\n\n\n<li>1.2. Lahjakortin voi ostaa haluamallasi summalla, v\u00e4himm\u00e4issumma on 10 euroa;<\/li>\n\n\n\n<li>1.3. Jos k\u00e4ytettyjen palveluiden m\u00e4\u00e4r\u00e4 ylitt\u00e4\u00e4 lahjakortin arvon, lahjakortin haltijan on maksettava saldo erikseen;<\/li>\n\n\n\n<li>1.4. Jos ostoksen summa on pienempi kuin lahjakortin arvo, k\u00e4ytt\u00e4m\u00e4t\u00f6nt\u00e4 summaa ei palauteta;<\/li>\n\n\n\n<li>1.5. Lahjakorttia ei voi vaihtaa rahaksi;<\/li>\n\n\n\n<li>1.6. Lahjakortilla on rajoittamaton voimassaoloaika;<\/li>\n\n\n\n<li>1.7. Vaurioitunutta tai kadonnutta lahjakorttia ei voi vaihtaa uuteen korttiin tai rahaksi;<\/li>\n\n\n\n<li>1.8. Lahjakortin kopioiminen mill\u00e4\u00e4n tavalla ei ole sallittua;<\/li>\n\n\n\n<li>1.9. Lahjakortti on maksuv\u00e4line, muista esitt\u00e4\u00e4 se palveluntarjoajalle palvelua maksettaessa;<\/li>\n\n\n\n<li>1.10. Jos sinulla on kysytt\u00e4v\u00e4\u00e4, ota yhteytt\u00e4 osoitteeseen\u00a0<a href=\"mailto:info@legend.ee\">info@legend.ee<\/a>\u00a0tai soita numeroon\u00a0<a href=\"tel:+3724425606\">+372 4425606<\/a><\/li>\n<\/ul>\n\n\n\n<h2 class=\"wp-block-heading\"><strong>2. <strong>Lahjakortin ostaminen verkkosivustolta<\/strong><\/strong><\/h2>\n\n\n\n<ul class=\"wp-block-list\">\n<li>2.1. Lahjakortti ostetaan s\u00e4hk\u00f6isess\u00e4 kaupank\u00e4yntij\u00e4rjestelm\u00e4ss\u00e4 osoitteessa\u00a0<a href=\"https:\/\/kinkekaart.legend.ee\/fi\/\" target=\"_blank\" rel=\"noreferrer noopener\">https:\/\/kinkekaart.legend.ee\/fi\/<\/a><\/li>\n\n\n\n<li>2.2. Lahjakorttia ostaessaan ostaja t\u00e4ytt\u00e4\u00e4 tilauslomakkeen ja maksaa lahjakortin valitulla summalla valitun pankin s\u00e4hk\u00f6isen maksuj\u00e4rjestelm\u00e4n kautta.<\/li>\n\n\n\n<li>2.3. Ostajalle ilmoitetaan ostetusta lahjakortista tilauslomakkeessa ilmoitettuun s\u00e4hk\u00f6postiosoitteeseen.<\/li>\n<\/ul>\n\n\n\n<h2 class=\"wp-block-heading\"><strong>3. <strong>Ehtojen voimaantulo<\/strong><\/strong><\/h2>\n\n\n\n<ul class=\"wp-block-list\">\n<li>3.1. Sopimus tulee voimaan sill\u00e4 hetkell\u00e4, kun ostaja napsauttaa &#8221;HYV\u00c4KSYN EHDOT&#8221; -painiketta.<\/li>\n<\/ul>\n\n\n\n<h2 class=\"wp-block-heading\"><strong>4. <strong>Lahjakortin toimitus<\/strong><\/strong><\/h2>\n\n\n\n<ul class=\"wp-block-list\">\n<li>4.1. Lahjakortti l\u00e4hetet\u00e4\u00e4n s\u00e4hk\u00f6isess\u00e4 muodossa (.pdf) ostajan tilauslomakkeessa ilmoitettuun s\u00e4hk\u00f6postiosoitteeseen yhden (yhden) arkip\u00e4iv\u00e4n kuluessa.<\/li>\n<\/ul>\n\n\n\n<h2 class=\"wp-block-heading\"><strong>5. <strong>Lahjakortin k\u00e4ytt\u00f6 ja voimassaolo<\/strong><\/strong><\/h2>\n\n\n\n<ul class=\"wp-block-list\">\n<li>5.1. Lahjakortti ei vanhene koskaan ja sit\u00e4 ei voi vaihtaa rahaksi.<\/li>\n\n\n\n<li>5.2. Lahjakortissa ilmoitetun palvelun suorittamisp\u00e4iv\u00e4n osalta lahjakortin haltijan on otettava yhteytt\u00e4 lahjakortissa ilmoitettuun puhelinnumeroon ja s\u00e4hk\u00f6postiosoitteeseen ja ilmoitettava lahjakortin numero, varattava palvelu ja tultava sovittuun paikkaan sovittuna aikana.<\/li>\n<\/ul>\n\n\n\n<h2 class=\"wp-block-heading\"><strong>6. Maksutavat\u00a0<\/strong><\/h2>\n\n\n\n<ul class=\"wp-block-list\">\n<li>6.1. Lahjakortin voi maksaa pankkien pankkilinkin (verkkopankin) kautta.<\/li>\n\n\n\n<li>6.2. T\u00e4ytetty\u00e4si lahjakortin tilauslomakkeen, napsauta haluamaasi pankkilinkki\u00e4, joka ohjaa sinut valittuun verkkopankkiin legend.ee:n toimittamien maksutietojen kanssa. Pankin ja legend.ee-ymp\u00e4rist\u00f6n v\u00e4lill\u00e4 liikkuvat tiedot on varustettu digitaalisilla allekirjoituksilla. Hotelli ei voi saada selville pankkitilitietojasi, ainoastaan \u200b\u200bsen, onko maksu suoritettu vai ei.<\/li>\n<\/ul>\n\n\n\n<h2 class=\"wp-block-heading\"><strong>7. Luottamuksellisuus<\/strong><\/h2>\n\n\n\n<ul class=\"wp-block-list\">\n<li>7.1. Verkkoymp\u00e4rist\u00f6ss\u00e4 tilauksen ja ostoksen yhteydess\u00e4 annetut henkil\u00f6tiedot ovat luottamuksellisia ja niit\u00e4 k\u00e4sitell\u00e4\u00e4n henkil\u00f6tietolain vaatimusten mukaisesti. Hotelli ei luovuta asiakkaan henkil\u00f6tietoja kolmansille osapuolille ilman asiakkaan suostumusta.<\/li>\n<\/ul>\n\n\n\n<h2 class=\"wp-block-heading\"><strong>8. Osapuolten oikeudet ja velvollisuudet<\/strong><\/h2>\n\n\n\n<ul class=\"wp-block-list\">\n<li>8.1. Ostajalla on oikeus:\u00a0<br>\u00a0 \u00a0 \u00a08.1.1. vaatia tilattujen palveluiden oikea-aikaista ja asianmukaista suorittamista, lukuun ottamatta t\u00e4ss\u00e4 sopimuksessa m\u00e4\u00e4r\u00e4ttyj\u00e4 tapauksia.<\/li>\n\n\n\n<li>8.2. Ostaja sitoutuu:<br>     8.2.1. antamaan kaikki v\u00e4litt\u00e4j\u00e4n edellytt\u00e4m\u00e4t tiedot palveluita tilatessaan.<\/li>\n<\/ul>\n\n\n\n<h2 class=\"wp-block-heading\"><strong>9. Reklamaatiomenettely<\/strong><\/h2>\n\n\n\n<ul class=\"wp-block-list\">\n<li>9.1. Jos sinulla on vaatimuksia lahjakortin ostosta tai k\u00e4yt\u00f6st\u00e4, l\u00e4het\u00e4 kirjallinen valitus osoitteeseen <a href=\"mailto:info@legend.ee\">info@legend.ee<\/a>.<\/li>\n<\/ul>\n\n\n\n<h2 class=\"wp-block-heading\"><strong>10. Muuta<\/strong><\/h2>\n\n\n\n<ul class=\"wp-block-list\">\n<li>10.1. Asiakkaan ja hotellin v\u00e4lisest\u00e4 palveluiden tilaamisesta ja ostamisesta johtuvat riidat ratkaistaan \u200b\u200bneuvottelemalla. Jos sopimukseen ei p\u00e4\u00e4st\u00e4, asiakkaalla on oikeus k\u00e4\u00e4nty\u00e4 kuluttajansuojalautakunnan puoleen oikeuksiensa suojaamiseksi. N\u00e4iss\u00e4 ehdoissa kattamattomat riidat ja kysymykset ratkaistaan \u200b\u200bViron tasavallassa voimassa olevan lains\u00e4\u00e4d\u00e4nn\u00f6n mukaisesti.<\/li>\n<\/ul>\n\n\n\n<div style=\"height:20px\" aria-hidden=\"true\" class=\"wp-block-spacer\"><\/div>\n","protected":false},"excerpt":{"rendered":"<p>1. Lahjakortin ostoehdot 2. Lahjakortin ostaminen verkkosivustolta 3. Ehtojen voimaantulo 4. Lahjakortin toimitus 5. Lahjakortin k\u00e4ytt\u00f6 ja voimassaolo 6. Maksutavat\u00a0 7. Luottamuksellisuus 8. Osapuolten oikeudet ja velvollisuudet 9. Reklamaatiomenettely 10. Muuta<\/p>\n","protected":false},"author":2,"featured_media":0,"parent":0,"menu_order":0,"comment_status":"closed","ping_status":"closed","template":"","meta":{"footnotes":""},"class_list":["post-1949","page","type-page","status-publish","hentry"],"yoast_head":"<!-- This site is optimized with the Yoast SEO plugin v25.1 - https:\/\/yoast.com\/wordpress\/plugins\/seo\/ -->\n<title>Lahjakortin ostoehdot - Hotell Legend<\/title>\n<meta name=\"robots\" content=\"index, follow, max-snippet:-1, max-image-preview:large, max-video-preview:-1\" \/>\n<link rel=\"canonical\" href=\"https:\/\/legend.ee\/fi\/lahjakortin-ostoehdot\/\" \/>\n<meta property=\"og:locale\" content=\"fi_FI\" \/>\n<meta property=\"og:type\" content=\"article\" \/>\n<meta property=\"og:title\" content=\"Lahjakortin ostoehdot - Hotell Legend\" \/>\n<meta property=\"og:description\" content=\"1. Lahjakortin ostoehdot 2. Lahjakortin ostaminen verkkosivustolta 3. Ehtojen voimaantulo 4. Lahjakortin toimitus 5. Lahjakortin k\u00e4ytt\u00f6 ja voimassaolo 6. Maksutavat\u00a0 7. Luottamuksellisuus 8. Osapuolten oikeudet ja velvollisuudet 9. Reklamaatiomenettely 10. Muuta\" \/>\n<meta property=\"og:url\" content=\"https:\/\/legend.ee\/fi\/lahjakortin-ostoehdot\/\" \/>\n<meta property=\"og:site_name\" content=\"Hotell Legend\" \/>\n<meta property=\"article:modified_time\" content=\"2025-05-17T20:13:25+00:00\" \/>\n<meta property=\"og:image\" content=\"http:\/\/legend.ee\/wp-content\/uploads\/2025\/03\/Legend_RiinNurk00400-1024x683.jpg\" \/>\n<meta name=\"twitter:card\" content=\"summary_large_image\" \/>\n<meta name=\"twitter:label1\" content=\"Arvioitu lukuaika\" \/>\n\t<meta name=\"twitter:data1\" content=\"3 minuuttia\" \/>\n<script type=\"application\/ld+json\" class=\"yoast-schema-graph\">{\"@context\":\"https:\/\/schema.org\",\"@graph\":[{\"@type\":\"WebPage\",\"@id\":\"https:\/\/legend.ee\/fi\/lahjakortin-ostoehdot\/\",\"url\":\"https:\/\/legend.ee\/fi\/lahjakortin-ostoehdot\/\",\"name\":\"Lahjakortin ostoehdot - Hotell Legend\",\"isPartOf\":{\"@id\":\"http:\/\/legend.ee\/#website\"},\"primaryImageOfPage\":{\"@id\":\"https:\/\/legend.ee\/fi\/lahjakortin-ostoehdot\/#primaryimage\"},\"image\":{\"@id\":\"https:\/\/legend.ee\/fi\/lahjakortin-ostoehdot\/#primaryimage\"},\"thumbnailUrl\":\"http:\/\/legend.ee\/wp-content\/uploads\/2025\/03\/Legend_RiinNurk00400-1024x683.jpg\",\"datePublished\":\"2025-04-21T09:42:34+00:00\",\"dateModified\":\"2025-05-17T20:13:25+00:00\",\"breadcrumb\":{\"@id\":\"https:\/\/legend.ee\/fi\/lahjakortin-ostoehdot\/#breadcrumb\"},\"inLanguage\":\"fi\",\"potentialAction\":[{\"@type\":\"ReadAction\",\"target\":[\"https:\/\/legend.ee\/fi\/lahjakortin-ostoehdot\/\"]}]},{\"@type\":\"ImageObject\",\"inLanguage\":\"fi\",\"@id\":\"https:\/\/legend.ee\/fi\/lahjakortin-ostoehdot\/#primaryimage\",\"url\":\"http:\/\/legend.ee\/wp-content\/uploads\/2025\/03\/Legend_RiinNurk00400-1024x683.jpg\",\"contentUrl\":\"http:\/\/legend.ee\/wp-content\/uploads\/2025\/03\/Legend_RiinNurk00400-1024x683.jpg\"},{\"@type\":\"BreadcrumbList\",\"@id\":\"https:\/\/legend.ee\/fi\/lahjakortin-ostoehdot\/#breadcrumb\",\"itemListElement\":[{\"@type\":\"ListItem\",\"position\":1,\"name\":\"Home\",\"item\":\"https:\/\/legend.ee\/fi\/\"},{\"@type\":\"ListItem\",\"position\":2,\"name\":\"Lahjakortin ostoehdot\"}]},{\"@type\":\"WebSite\",\"@id\":\"http:\/\/legend.ee\/#website\",\"url\":\"http:\/\/legend.ee\/\",\"name\":\"Hotell Legend\",\"description\":\"\",\"publisher\":{\"@id\":\"http:\/\/legend.ee\/#organization\"},\"potentialAction\":[{\"@type\":\"SearchAction\",\"target\":{\"@type\":\"EntryPoint\",\"urlTemplate\":\"http:\/\/legend.ee\/?s={search_term_string}\"},\"query-input\":{\"@type\":\"PropertyValueSpecification\",\"valueRequired\":true,\"valueName\":\"search_term_string\"}}],\"inLanguage\":\"fi\"},{\"@type\":\"Organization\",\"@id\":\"http:\/\/legend.ee\/#organization\",\"name\":\"Hotell Legend\",\"url\":\"http:\/\/legend.ee\/\",\"logo\":{\"@type\":\"ImageObject\",\"inLanguage\":\"fi\",\"@id\":\"http:\/\/legend.ee\/#\/schema\/logo\/image\/\",\"url\":\"https:\/\/legend.ee\/wp-content\/uploads\/2025\/01\/Legend-Logo-vektor-cropped.svg\",\"contentUrl\":\"https:\/\/legend.ee\/wp-content\/uploads\/2025\/01\/Legend-Logo-vektor-cropped.svg\",\"width\":975,\"height\":432,\"caption\":\"Hotell Legend\"},\"image\":{\"@id\":\"http:\/\/legend.ee\/#\/schema\/logo\/image\/\"}}]}<\/script>\n<!-- \/ Yoast SEO plugin. -->","yoast_head_json":{"title":"Lahjakortin ostoehdot - Hotell Legend","robots":{"index":"index","follow":"follow","max-snippet":"max-snippet:-1","max-image-preview":"max-image-preview:large","max-video-preview":"max-video-preview:-1"},"canonical":"https:\/\/legend.ee\/fi\/lahjakortin-ostoehdot\/","og_locale":"fi_FI","og_type":"article","og_title":"Lahjakortin ostoehdot - Hotell Legend","og_description":"1. Lahjakortin ostoehdot 2. Lahjakortin ostaminen verkkosivustolta 3. Ehtojen voimaantulo 4. Lahjakortin toimitus 5. Lahjakortin k\u00e4ytt\u00f6 ja voimassaolo 6. Maksutavat\u00a0 7. Luottamuksellisuus 8. Osapuolten oikeudet ja velvollisuudet 9. Reklamaatiomenettely 10. Muuta","og_url":"https:\/\/legend.ee\/fi\/lahjakortin-ostoehdot\/","og_site_name":"Hotell Legend","article_modified_time":"2025-05-17T20:13:25+00:00","og_image":[{"url":"http:\/\/legend.ee\/wp-content\/uploads\/2025\/03\/Legend_RiinNurk00400-1024x683.jpg","type":"","width":"","height":""}],"twitter_card":"summary_large_image","twitter_misc":{"Arvioitu lukuaika":"3 minuuttia"},"schema":{"@context":"https:\/\/schema.org","@graph":[{"@type":"WebPage","@id":"https:\/\/legend.ee\/fi\/lahjakortin-ostoehdot\/","url":"https:\/\/legend.ee\/fi\/lahjakortin-ostoehdot\/","name":"Lahjakortin ostoehdot - Hotell Legend","isPartOf":{"@id":"http:\/\/legend.ee\/#website"},"primaryImageOfPage":{"@id":"https:\/\/legend.ee\/fi\/lahjakortin-ostoehdot\/#primaryimage"},"image":{"@id":"https:\/\/legend.ee\/fi\/lahjakortin-ostoehdot\/#primaryimage"},"thumbnailUrl":"http:\/\/legend.ee\/wp-content\/uploads\/2025\/03\/Legend_RiinNurk00400-1024x683.jpg","datePublished":"2025-04-21T09:42:34+00:00","dateModified":"2025-05-17T20:13:25+00:00","breadcrumb":{"@id":"https:\/\/legend.ee\/fi\/lahjakortin-ostoehdot\/#breadcrumb"},"inLanguage":"fi","potentialAction":[{"@type":"ReadAction","target":["https:\/\/legend.ee\/fi\/lahjakortin-ostoehdot\/"]}]},{"@type":"ImageObject","inLanguage":"fi","@id":"https:\/\/legend.ee\/fi\/lahjakortin-ostoehdot\/#primaryimage","url":"http:\/\/legend.ee\/wp-content\/uploads\/2025\/03\/Legend_RiinNurk00400-1024x683.jpg","contentUrl":"http:\/\/legend.ee\/wp-content\/uploads\/2025\/03\/Legend_RiinNurk00400-1024x683.jpg"},{"@type":"BreadcrumbList","@id":"https:\/\/legend.ee\/fi\/lahjakortin-ostoehdot\/#breadcrumb","itemListElement":[{"@type":"ListItem","position":1,"name":"Home","item":"https:\/\/legend.ee\/fi\/"},{"@type":"ListItem","position":2,"name":"Lahjakortin ostoehdot"}]},{"@type":"WebSite","@id":"http:\/\/legend.ee\/#website","url":"http:\/\/legend.ee\/","name":"Hotell Legend","description":"","publisher":{"@id":"http:\/\/legend.ee\/#organization"},"potentialAction":[{"@type":"SearchAction","target":{"@type":"EntryPoint","urlTemplate":"http:\/\/legend.ee\/?s={search_term_string}"},"query-input":{"@type":"PropertyValueSpecification","valueRequired":true,"valueName":"search_term_string"}}],"inLanguage":"fi"},{"@type":"Organization","@id":"http:\/\/legend.ee\/#organization","name":"Hotell Legend","url":"http:\/\/legend.ee\/","logo":{"@type":"ImageObject","inLanguage":"fi","@id":"http:\/\/legend.ee\/#\/schema\/logo\/image\/","url":"https:\/\/legend.ee\/wp-content\/uploads\/2025\/01\/Legend-Logo-vektor-cropped.svg","contentUrl":"https:\/\/legend.ee\/wp-content\/uploads\/2025\/01\/Legend-Logo-vektor-cropped.svg","width":975,"height":432,"caption":"Hotell Legend"},"image":{"@id":"http:\/\/legend.ee\/#\/schema\/logo\/image\/"}}]}},"_links":{"self":[{"href":"https:\/\/legend.ee\/fi\/wp-json\/wp\/v2\/pages\/1949","targetHints":{"allow":["GET"]}}],"collection":[{"href":"https:\/\/legend.ee\/fi\/wp-json\/wp\/v2\/pages"}],"about":[{"href":"https:\/\/legend.ee\/fi\/wp-json\/wp\/v2\/types\/page"}],"author":[{"embeddable":true,"href":"https:\/\/legend.ee\/fi\/wp-json\/wp\/v2\/users\/2"}],"replies":[{"embeddable":true,"href":"https:\/\/legend.ee\/fi\/wp-json\/wp\/v2\/comments?post=1949"}],"version-history":[{"count":1,"href":"https:\/\/legend.ee\/fi\/wp-json\/wp\/v2\/pages\/1949\/revisions"}],"predecessor-version":[{"id":1955,"href":"https:\/\/legend.ee\/fi\/wp-json\/wp\/v2\/pages\/1949\/revisions\/1955"}],"wp:attachment":[{"href":"https:\/\/legend.ee\/fi\/wp-json\/wp\/v2\/media?parent=1949"}],"curies":[{"name":"wp","href":"https:\/\/api.w.org\/{rel}","templated":true}]}}