{"id":2060,"date":"2025-05-05T09:45:55","date_gmt":"2025-05-05T09:45:55","guid":{"rendered":"https:\/\/legend.ee\/jalgrattarent\/"},"modified":"2025-07-01T13:10:37","modified_gmt":"2025-07-01T13:10:37","slug":"polkupyoravuokraus","status":"publish","type":"page","link":"http:\/\/legend.ee\/fi\/polkupyoravuokraus\/","title":{"rendered":"Polkupy\u00f6r\u00e4vuokraus"},"content":{"rendered":"\n<div class=\"wp-block-cover alignfull is-light has-custom-content-position is-position-bottom-center\"><img decoding=\"async\" class=\"wp-block-cover__image-background wp-image-1864 size-large\" alt=\"\" src=\"http:\/\/legend.ee\/wp-content\/uploads\/2025\/05\/Hotell_Legend_jalgrattarent-1024x763.jpg\" style=\"object-position:52% 82%\" data-object-fit=\"cover\" data-object-position=\"52% 82%\"\/><span aria-hidden=\"true\" class=\"wp-block-cover__background has-background-dim-20 has-background-dim\" style=\"background-color:#9e968f\"><\/span><div class=\"wp-block-cover__inner-container is-layout-flow wp-block-cover-is-layout-flow\">\n<p class=\"has-text-align-center animated slideInLeft slow has-white-color has-text-color has-link-color has-large-font-size wp-elements-342194a0810f87863ce4fc6131ca4c8a\">Nauti py\u00f6r\u00e4ilyst\u00e4 kauniissa P\u00e4rnun kaupungissa!<\/p>\n<\/div><\/div>\n\n\n\n<div style=\"height:20px\" aria-hidden=\"true\" class=\"wp-block-spacer\"><\/div>\n\n\n\n<div class=\"wp-block-columns is-layout-flex wp-container-core-columns-is-layout-28f84493 wp-block-columns-is-layout-flex\">\n<div class=\"wp-block-column is-layout-flow wp-block-column-is-layout-flow\">\n<h2 class=\"wp-block-heading has-text-align-center animated fadeInUp slow\" style=\"padding-right:var(--wp--preset--spacing--40);padding-left:var(--wp--preset--spacing--40)\">Tutustu P\u00e4rnuun polkupy\u00f6r\u00e4ll\u00e4!<\/h2>\n\n\n\n<p class=\"has-text-align-center\">P\u00e4rnussa on yli 70 kilometri\u00e4 k\u00e4velyteit\u00e4, joten polkupy\u00f6r\u00e4\u00e4 voidaan pit\u00e4\u00e4 yhten\u00e4 parhaista kulkuv\u00e4lineist\u00e4 tutustua P\u00e4rnuun. Muutamassa tunnissa voit tehd\u00e4 melko pitk\u00e4n kierroksen kaupungissa ja n\u00e4hd\u00e4 paikkoja, joille tavallinen vierailija ei usein p\u00e4\u00e4se. Py\u00f6r\u00e4retki P\u00e4rnussa on siis ehdottomasti aktiviteetti, joka sinun kannattaa tehd\u00e4.<\/p>\n\n\n\n<h2 class=\"wp-block-heading has-text-align-center\">Hotellimme tarjoaa vierailleen py\u00f6r\u00e4vuokrausta paikan p\u00e4\u00e4ll\u00e4.<\/h2>\n<\/div>\n<\/div>\n\n\n\n<div style=\"height:20px\" aria-hidden=\"true\" class=\"wp-block-spacer\"><\/div>\n\n\n\n<div class=\"wp-block-edhotels-grid-gallery alignwide grid-items lightgallery is-style-mosaic\" style=\"padding-right:var(--wp--preset--spacing--60);padding-left:var(--wp--preset--spacing--60)\"><div data-src=\"http:\/\/legend.ee\/wp-content\/uploads\/2025\/05\/Hotell_Legend_jalgrattarent-e1746524036949.jpg\" class=\"grid-item\"><img decoding=\"async\" width=\"1024\" height=\"632\" src=\"http:\/\/legend.ee\/wp-content\/uploads\/2025\/05\/Hotell_Legend_jalgrattarent-e1746524036949-1024x632.jpg\" alt=\"\" data-id=\"1864\" loading=\"lazy\" class=\"wp-image-1864\" srcset=\"http:\/\/legend.ee\/wp-content\/uploads\/2025\/05\/Hotell_Legend_jalgrattarent-e1746524036949-1024x632.jpg 1024w, http:\/\/legend.ee\/wp-content\/uploads\/2025\/05\/Hotell_Legend_jalgrattarent-e1746524036949-300x185.jpg 300w, http:\/\/legend.ee\/wp-content\/uploads\/2025\/05\/Hotell_Legend_jalgrattarent-e1746524036949-768x474.jpg 768w, http:\/\/legend.ee\/wp-content\/uploads\/2025\/05\/Hotell_Legend_jalgrattarent-e1746524036949-1536x947.jpg 1536w, http:\/\/legend.ee\/wp-content\/uploads\/2025\/05\/Hotell_Legend_jalgrattarent-e1746524036949-1568x967.jpg 1568w, http:\/\/legend.ee\/wp-content\/uploads\/2025\/05\/Hotell_Legend_jalgrattarent-e1746524036949.jpg 1793w\" sizes=\"auto, (max-width: 1024px) 100vw, 1024px\" \/><\/div><div data-src=\"http:\/\/legend.ee\/wp-content\/uploads\/2025\/03\/Hotell_Legend_termos-scaled.jpg\" class=\"grid-item\"><img decoding=\"async\" width=\"683\" height=\"1024\" src=\"http:\/\/legend.ee\/wp-content\/uploads\/2025\/03\/Hotell_Legend_termos-683x1024.jpg\" alt=\"\" data-id=\"562\" loading=\"lazy\" class=\"wp-image-562\" srcset=\"http:\/\/legend.ee\/wp-content\/uploads\/2025\/03\/Hotell_Legend_termos-683x1024.jpg 683w, http:\/\/legend.ee\/wp-content\/uploads\/2025\/03\/Hotell_Legend_termos-200x300.jpg 200w, http:\/\/legend.ee\/wp-content\/uploads\/2025\/03\/Hotell_Legend_termos-768x1152.jpg 768w, http:\/\/legend.ee\/wp-content\/uploads\/2025\/03\/Hotell_Legend_termos-1024x1536.jpg 1024w, http:\/\/legend.ee\/wp-content\/uploads\/2025\/03\/Hotell_Legend_termos-1365x2048.jpg 1365w, http:\/\/legend.ee\/wp-content\/uploads\/2025\/03\/Hotell_Legend_termos-1568x2352.jpg 1568w, http:\/\/legend.ee\/wp-content\/uploads\/2025\/03\/Hotell_Legend_termos-scaled.jpg 1707w\" sizes=\"auto, (max-width: 683px) 100vw, 683px\" \/><\/div><div data-src=\"http:\/\/legend.ee\/wp-content\/uploads\/2025\/03\/8888.jpg\" class=\"grid-item\"><img decoding=\"async\" width=\"1024\" height=\"686\" src=\"http:\/\/legend.ee\/wp-content\/uploads\/2025\/03\/8888-1024x686.jpg\" alt=\"\" data-id=\"895\" loading=\"lazy\" class=\"wp-image-895\" srcset=\"http:\/\/legend.ee\/wp-content\/uploads\/2025\/03\/8888-1024x686.jpg 1024w, http:\/\/legend.ee\/wp-content\/uploads\/2025\/03\/8888-300x201.jpg 300w, http:\/\/legend.ee\/wp-content\/uploads\/2025\/03\/8888-768x514.jpg 768w, http:\/\/legend.ee\/wp-content\/uploads\/2025\/03\/8888-1536x1029.jpg 1536w, http:\/\/legend.ee\/wp-content\/uploads\/2025\/03\/8888-1568x1050.jpg 1568w, http:\/\/legend.ee\/wp-content\/uploads\/2025\/03\/8888.jpg 1662w\" sizes=\"auto, (max-width: 1024px) 100vw, 1024px\" \/><\/div><\/div>\n\n\n\n<div style=\"height:20px\" aria-hidden=\"true\" class=\"wp-block-spacer\"><\/div>\n\n\n\n<h3 class=\"wp-block-heading\"><strong>HINNASTO :<\/strong><\/h3>\n\n\n\n<p>1\u20133 tuntia \u2013 7,50 \u20ac<\/p>\n\n\n\n<p>1 p\u00e4iv\u00e4 \u2013 12 \u20ac<\/p>\n\n\n\n<p>2 p\u00e4iv\u00e4\u00e4 \u2013 20 \u20ac<\/p>\n\n\n\n<p>3 p\u00e4iv\u00e4\u00e4 \u2013 27 \u20ac<\/p>\n\n\n\n<p>4 p\u00e4iv\u00e4\u00e4 \u2013 34 \u20ac<\/p>\n\n\n\n<p>5 p\u00e4iv\u00e4\u00e4 \u2013 40 \u20ac<\/p>\n","protected":false},"excerpt":{"rendered":"<p>Tutustu P\u00e4rnuun polkupy\u00f6r\u00e4ll\u00e4! P\u00e4rnussa on yli 70 kilometri\u00e4 k\u00e4velyteit\u00e4, joten polkupy\u00f6r\u00e4\u00e4 voidaan pit\u00e4\u00e4 yhten\u00e4 parhaista kulkuv\u00e4lineist\u00e4 tutustua P\u00e4rnuun. Muutamassa tunnissa voit tehd\u00e4 melko pitk\u00e4n kierroksen kaupungissa ja n\u00e4hd\u00e4 paikkoja, joille tavallinen vierailija ei usein p\u00e4\u00e4se. Py\u00f6r\u00e4retki P\u00e4rnussa on siis ehdottomasti aktiviteetti, joka sinun kannattaa tehd\u00e4. Hotellimme tarjoaa vierailleen py\u00f6r\u00e4vuokrausta paikan p\u00e4\u00e4ll\u00e4. HINNASTO : 1\u20133 tuntia [&hellip;]<\/p>\n","protected":false},"author":2,"featured_media":0,"parent":0,"menu_order":0,"comment_status":"closed","ping_status":"closed","template":"","meta":{"footnotes":""},"class_list":["post-2060","page","type-page","status-publish","hentry"],"yoast_head":"<!-- This site is optimized with the Yoast SEO plugin v25.1 - https:\/\/yoast.com\/wordpress\/plugins\/seo\/ -->\n<title>Polkupy\u00f6r\u00e4vuokraus - Hotell Legend<\/title>\n<meta name=\"robots\" content=\"index, follow, max-snippet:-1, max-image-preview:large, max-video-preview:-1\" \/>\n<link rel=\"canonical\" href=\"https:\/\/legend.ee\/fi\/polkupyoravuokraus\/\" \/>\n<meta property=\"og:locale\" content=\"fi_FI\" \/>\n<meta property=\"og:type\" content=\"article\" \/>\n<meta property=\"og:title\" content=\"Polkupy\u00f6r\u00e4vuokraus - Hotell Legend\" \/>\n<meta property=\"og:description\" content=\"Tutustu P\u00e4rnuun polkupy\u00f6r\u00e4ll\u00e4! P\u00e4rnussa on yli 70 kilometri\u00e4 k\u00e4velyteit\u00e4, joten polkupy\u00f6r\u00e4\u00e4 voidaan pit\u00e4\u00e4 yhten\u00e4 parhaista kulkuv\u00e4lineist\u00e4 tutustua P\u00e4rnuun. Muutamassa tunnissa voit tehd\u00e4 melko pitk\u00e4n kierroksen kaupungissa ja n\u00e4hd\u00e4 paikkoja, joille tavallinen vierailija ei usein p\u00e4\u00e4se. Py\u00f6r\u00e4retki P\u00e4rnussa on siis ehdottomasti aktiviteetti, joka sinun kannattaa tehd\u00e4. Hotellimme tarjoaa vierailleen py\u00f6r\u00e4vuokrausta paikan p\u00e4\u00e4ll\u00e4. HINNASTO : 1\u20133 tuntia [&hellip;]\" \/>\n<meta property=\"og:url\" content=\"https:\/\/legend.ee\/fi\/polkupyoravuokraus\/\" \/>\n<meta property=\"og:site_name\" content=\"Hotell Legend\" \/>\n<meta property=\"article:modified_time\" content=\"2025-07-01T13:10:37+00:00\" \/>\n<meta property=\"og:image\" content=\"http:\/\/legend.ee\/wp-content\/uploads\/2025\/05\/Hotell_Legend_jalgrattarent-1024x763.jpg\" \/>\n<meta name=\"twitter:card\" content=\"summary_large_image\" \/>\n<meta name=\"twitter:label1\" content=\"Arvioitu lukuaika\" \/>\n\t<meta name=\"twitter:data1\" content=\"2 minuuttia\" \/>\n<script type=\"application\/ld+json\" class=\"yoast-schema-graph\">{\"@context\":\"https:\/\/schema.org\",\"@graph\":[{\"@type\":\"WebPage\",\"@id\":\"https:\/\/legend.ee\/fi\/polkupyoravuokraus\/\",\"url\":\"https:\/\/legend.ee\/fi\/polkupyoravuokraus\/\",\"name\":\"Polkupy\u00f6r\u00e4vuokraus - Hotell Legend\",\"isPartOf\":{\"@id\":\"http:\/\/legend.ee\/#website\"},\"primaryImageOfPage\":{\"@id\":\"https:\/\/legend.ee\/fi\/polkupyoravuokraus\/#primaryimage\"},\"image\":{\"@id\":\"https:\/\/legend.ee\/fi\/polkupyoravuokraus\/#primaryimage\"},\"thumbnailUrl\":\"http:\/\/legend.ee\/wp-content\/uploads\/2025\/05\/Hotell_Legend_jalgrattarent-1024x763.jpg\",\"datePublished\":\"2025-05-05T09:45:55+00:00\",\"dateModified\":\"2025-07-01T13:10:37+00:00\",\"breadcrumb\":{\"@id\":\"https:\/\/legend.ee\/fi\/polkupyoravuokraus\/#breadcrumb\"},\"inLanguage\":\"fi\",\"potentialAction\":[{\"@type\":\"ReadAction\",\"target\":[\"https:\/\/legend.ee\/fi\/polkupyoravuokraus\/\"]}]},{\"@type\":\"ImageObject\",\"inLanguage\":\"fi\",\"@id\":\"https:\/\/legend.ee\/fi\/polkupyoravuokraus\/#primaryimage\",\"url\":\"http:\/\/legend.ee\/wp-content\/uploads\/2025\/05\/Hotell_Legend_jalgrattarent-1024x763.jpg\",\"contentUrl\":\"http:\/\/legend.ee\/wp-content\/uploads\/2025\/05\/Hotell_Legend_jalgrattarent-1024x763.jpg\"},{\"@type\":\"BreadcrumbList\",\"@id\":\"https:\/\/legend.ee\/fi\/polkupyoravuokraus\/#breadcrumb\",\"itemListElement\":[{\"@type\":\"ListItem\",\"position\":1,\"name\":\"Home\",\"item\":\"https:\/\/legend.ee\/fi\/\"},{\"@type\":\"ListItem\",\"position\":2,\"name\":\"Polkupy\u00f6r\u00e4vuokraus\"}]},{\"@type\":\"WebSite\",\"@id\":\"http:\/\/legend.ee\/#website\",\"url\":\"http:\/\/legend.ee\/\",\"name\":\"Hotell Legend\",\"description\":\"\",\"publisher\":{\"@id\":\"http:\/\/legend.ee\/#organization\"},\"potentialAction\":[{\"@type\":\"SearchAction\",\"target\":{\"@type\":\"EntryPoint\",\"urlTemplate\":\"http:\/\/legend.ee\/?s={search_term_string}\"},\"query-input\":{\"@type\":\"PropertyValueSpecification\",\"valueRequired\":true,\"valueName\":\"search_term_string\"}}],\"inLanguage\":\"fi\"},{\"@type\":\"Organization\",\"@id\":\"http:\/\/legend.ee\/#organization\",\"name\":\"Hotell Legend\",\"url\":\"http:\/\/legend.ee\/\",\"logo\":{\"@type\":\"ImageObject\",\"inLanguage\":\"fi\",\"@id\":\"http:\/\/legend.ee\/#\/schema\/logo\/image\/\",\"url\":\"https:\/\/legend.ee\/wp-content\/uploads\/2025\/01\/Legend-Logo-vektor-cropped.svg\",\"contentUrl\":\"https:\/\/legend.ee\/wp-content\/uploads\/2025\/01\/Legend-Logo-vektor-cropped.svg\",\"width\":975,\"height\":432,\"caption\":\"Hotell Legend\"},\"image\":{\"@id\":\"http:\/\/legend.ee\/#\/schema\/logo\/image\/\"}}]}<\/script>\n<!-- \/ Yoast SEO plugin. -->","yoast_head_json":{"title":"Polkupy\u00f6r\u00e4vuokraus - Hotell Legend","robots":{"index":"index","follow":"follow","max-snippet":"max-snippet:-1","max-image-preview":"max-image-preview:large","max-video-preview":"max-video-preview:-1"},"canonical":"https:\/\/legend.ee\/fi\/polkupyoravuokraus\/","og_locale":"fi_FI","og_type":"article","og_title":"Polkupy\u00f6r\u00e4vuokraus - Hotell Legend","og_description":"Tutustu P\u00e4rnuun polkupy\u00f6r\u00e4ll\u00e4! P\u00e4rnussa on yli 70 kilometri\u00e4 k\u00e4velyteit\u00e4, joten polkupy\u00f6r\u00e4\u00e4 voidaan pit\u00e4\u00e4 yhten\u00e4 parhaista kulkuv\u00e4lineist\u00e4 tutustua P\u00e4rnuun. Muutamassa tunnissa voit tehd\u00e4 melko pitk\u00e4n kierroksen kaupungissa ja n\u00e4hd\u00e4 paikkoja, joille tavallinen vierailija ei usein p\u00e4\u00e4se. Py\u00f6r\u00e4retki P\u00e4rnussa on siis ehdottomasti aktiviteetti, joka sinun kannattaa tehd\u00e4. Hotellimme tarjoaa vierailleen py\u00f6r\u00e4vuokrausta paikan p\u00e4\u00e4ll\u00e4. HINNASTO : 1\u20133 tuntia [&hellip;]","og_url":"https:\/\/legend.ee\/fi\/polkupyoravuokraus\/","og_site_name":"Hotell Legend","article_modified_time":"2025-07-01T13:10:37+00:00","og_image":[{"url":"http:\/\/legend.ee\/wp-content\/uploads\/2025\/05\/Hotell_Legend_jalgrattarent-1024x763.jpg","type":"","width":"","height":""}],"twitter_card":"summary_large_image","twitter_misc":{"Arvioitu lukuaika":"2 minuuttia"},"schema":{"@context":"https:\/\/schema.org","@graph":[{"@type":"WebPage","@id":"https:\/\/legend.ee\/fi\/polkupyoravuokraus\/","url":"https:\/\/legend.ee\/fi\/polkupyoravuokraus\/","name":"Polkupy\u00f6r\u00e4vuokraus - Hotell Legend","isPartOf":{"@id":"http:\/\/legend.ee\/#website"},"primaryImageOfPage":{"@id":"https:\/\/legend.ee\/fi\/polkupyoravuokraus\/#primaryimage"},"image":{"@id":"https:\/\/legend.ee\/fi\/polkupyoravuokraus\/#primaryimage"},"thumbnailUrl":"http:\/\/legend.ee\/wp-content\/uploads\/2025\/05\/Hotell_Legend_jalgrattarent-1024x763.jpg","datePublished":"2025-05-05T09:45:55+00:00","dateModified":"2025-07-01T13:10:37+00:00","breadcrumb":{"@id":"https:\/\/legend.ee\/fi\/polkupyoravuokraus\/#breadcrumb"},"inLanguage":"fi","potentialAction":[{"@type":"ReadAction","target":["https:\/\/legend.ee\/fi\/polkupyoravuokraus\/"]}]},{"@type":"ImageObject","inLanguage":"fi","@id":"https:\/\/legend.ee\/fi\/polkupyoravuokraus\/#primaryimage","url":"http:\/\/legend.ee\/wp-content\/uploads\/2025\/05\/Hotell_Legend_jalgrattarent-1024x763.jpg","contentUrl":"http:\/\/legend.ee\/wp-content\/uploads\/2025\/05\/Hotell_Legend_jalgrattarent-1024x763.jpg"},{"@type":"BreadcrumbList","@id":"https:\/\/legend.ee\/fi\/polkupyoravuokraus\/#breadcrumb","itemListElement":[{"@type":"ListItem","position":1,"name":"Home","item":"https:\/\/legend.ee\/fi\/"},{"@type":"ListItem","position":2,"name":"Polkupy\u00f6r\u00e4vuokraus"}]},{"@type":"WebSite","@id":"http:\/\/legend.ee\/#website","url":"http:\/\/legend.ee\/","name":"Hotell Legend","description":"","publisher":{"@id":"http:\/\/legend.ee\/#organization"},"potentialAction":[{"@type":"SearchAction","target":{"@type":"EntryPoint","urlTemplate":"http:\/\/legend.ee\/?s={search_term_string}"},"query-input":{"@type":"PropertyValueSpecification","valueRequired":true,"valueName":"search_term_string"}}],"inLanguage":"fi"},{"@type":"Organization","@id":"http:\/\/legend.ee\/#organization","name":"Hotell Legend","url":"http:\/\/legend.ee\/","logo":{"@type":"ImageObject","inLanguage":"fi","@id":"http:\/\/legend.ee\/#\/schema\/logo\/image\/","url":"https:\/\/legend.ee\/wp-content\/uploads\/2025\/01\/Legend-Logo-vektor-cropped.svg","contentUrl":"https:\/\/legend.ee\/wp-content\/uploads\/2025\/01\/Legend-Logo-vektor-cropped.svg","width":975,"height":432,"caption":"Hotell Legend"},"image":{"@id":"http:\/\/legend.ee\/#\/schema\/logo\/image\/"}}]}},"_links":{"self":[{"href":"http:\/\/legend.ee\/fi\/wp-json\/wp\/v2\/pages\/2060","targetHints":{"allow":["GET"]}}],"collection":[{"href":"http:\/\/legend.ee\/fi\/wp-json\/wp\/v2\/pages"}],"about":[{"href":"http:\/\/legend.ee\/fi\/wp-json\/wp\/v2\/types\/page"}],"author":[{"embeddable":true,"href":"http:\/\/legend.ee\/fi\/wp-json\/wp\/v2\/users\/2"}],"replies":[{"embeddable":true,"href":"http:\/\/legend.ee\/fi\/wp-json\/wp\/v2\/comments?post=2060"}],"version-history":[{"count":2,"href":"http:\/\/legend.ee\/fi\/wp-json\/wp\/v2\/pages\/2060\/revisions"}],"predecessor-version":[{"id":2066,"href":"http:\/\/legend.ee\/fi\/wp-json\/wp\/v2\/pages\/2060\/revisions\/2066"}],"wp:attachment":[{"href":"http:\/\/legend.ee\/fi\/wp-json\/wp\/v2\/media?parent=2060"}],"curies":[{"name":"wp","href":"https:\/\/api.w.org\/{rel}","templated":true}]}}